{"id":12,"date":"2026-03-13T10:36:56","date_gmt":"2026-03-13T10:36:56","guid":{"rendered":"https:\/\/marihuany.pl\/?page_id=12"},"modified":"2026-03-16T11:31:28","modified_gmt":"2026-03-16T11:31:28","slug":"odmiany-marihuany","status":"publish","type":"page","link":"https:\/\/marihuany.pl\/index.php\/odmiany-marihuany\/","title":{"rendered":"Odmiany marihuany"},"content":{"rendered":"\n<h2 class=\"wp-block-heading\">Popularne odmiany marihuany<\/h2>\n\n\n\n<p>Na \u015bwiecie istniej\u0105 setki r\u00f3\u017cnych odmian konopi, kt\u00f3re r\u00f3\u017cni\u0105 si\u0119 zawarto\u015bci\u0105 THC, aromatem, czasem kwitnienia oraz charakterystycznymi w\u0142a\u015bciwo\u015bciami. Hodowcy od wielu lat tworz\u0105 nowe hybrydy \u0142\u0105cz\u0105ce genetyk\u0119 odmian indica i sativa.<\/p>\n\n\n\n<p>Do najbardziej znanych odmian nale\u017c\u0105 mi\u0119dzy innymi:<\/p>\n\n\n\n<ul class=\"wp-block-list\">\n<li><strong>AK-47<\/strong> \u2013 klasyczna odmiana znana z wysokiej zawarto\u015bci THC i du\u017cej produkcji \u017cywicy<\/li>\n\n\n\n<li><strong>White Widow<\/strong> \u2013 jedna z najbardziej legendarnych odmian konopi o intensywnym aromacie i du\u017cej ilo\u015bci trichom\u00f3w<\/li>\n\n\n\n<li><strong>Amnesia Haze<\/strong> \u2013 popularna odmiana o cytrusowym zapachu i wysokiej mocy<\/li>\n\n\n\n<li><strong>Northern Lights<\/strong> \u2013 klasyczna odmiana indica ceniona za stabilno\u015b\u0107 genetyczn\u0105<\/li>\n\n\n\n<li><strong>Bruce Banner<\/strong> \u2013 bardzo mocna hybryda znana z wysokiej zawarto\u015bci THC<\/li>\n<\/ul>\n\n\n\n<p>Obecnie na rynku istnieje ogromna liczba r\u00f3\u017cnych genetyk konopi oferowanych przez seedbanki z ca\u0142ego \u015bwiata.<\/p>\n\n\n\n<p>Osoby zainteresowane kolekcjonowaniem genetyk konopi mog\u0105 sprawdzi\u0107 szeroki wyb\u00f3r odmian dost\u0119pnych w sklepach specjalizuj\u0105cych si\u0119 w nasionach konopi, takich jak <strong>meganasiona.pl<\/strong>, gdzie dost\u0119pne s\u0105 nasiona od wielu znanych producent\u00f3w.<\/p>\n\n\n<ul class=\"wp-block-page-list\"><li class=\"wp-block-pages-list__item\"><a class=\"wp-block-pages-list__item__link\" href=\"https:\/\/marihuany.pl\/index.php\/jak-palic-marihuane\/\">Jak pali\u0107 marihuan\u0119<\/a><\/li><li class=\"wp-block-pages-list__item\"><a class=\"wp-block-pages-list__item__link\" href=\"https:\/\/marihuany.pl\/index.php\/jedzenie-marihuany-edibles\/\">Jedzenie marihuany (edibles)<\/a><\/li><li class=\"wp-block-pages-list__item\"><a class=\"wp-block-pages-list__item__link\" href=\"https:\/\/marihuany.pl\/index.php\/kultura-marihuany\/\">Kultura marihuany i medyczna marihuana i ustawa o przeciwdzia\u0142aniu narkomanii<\/a><\/li><li class=\"wp-block-pages-list__item menu-item-home\"><a class=\"wp-block-pages-list__item__link\" href=\"https:\/\/marihuany.pl\/\">Marihuany.pl &#8211; wszystko o marihuanie, konopiach i ich w\u0142a\u015bciwo\u015bciach<\/a><\/li><li class=\"wp-block-pages-list__item\"><a class=\"wp-block-pages-list__item__link\" href=\"https:\/\/marihuany.pl\/index.php\/odmiany-marihuany\/\">Odmiany marihuany<\/a><\/li><li class=\"wp-block-pages-list__item\"><a class=\"wp-block-pages-list__item__link\" href=\"https:\/\/marihuany.pl\/index.php\/palenie-marihuany\/\">Palenie marihuany<\/a><\/li><li class=\"wp-block-pages-list__item\"><a class=\"wp-block-pages-list__item__link\" href=\"https:\/\/marihuany.pl\/index.php\/poradniki\/\">Poradniki<\/a><\/li><li class=\"wp-block-pages-list__item\"><a class=\"wp-block-pages-list__item__link\" href=\"https:\/\/marihuany.pl\/index.php\/sklepy-zwiazane-z-konopiami\/\">Sklepy zwi\u0105zane z konopiami<\/a><\/li><\/ul>","protected":false},"excerpt":{"rendered":"<p>Popularne odmiany marihuany Na \u015bwiecie istniej\u0105 setki r\u00f3\u017cnych odmian konopi, kt\u00f3re r\u00f3\u017cni\u0105 si\u0119 zawarto\u015bci\u0105 THC, aromatem, czasem kwitnienia oraz charakterystycznymi w\u0142a\u015bciwo\u015bciami. Hodowcy od wielu lat tworz\u0105 nowe hybrydy \u0142\u0105cz\u0105ce genetyk\u0119 odmian indica i sativa. Do najbardziej znanych odmian nale\u017c\u0105 mi\u0119dzy innymi: Obecnie na rynku istnieje ogromna liczba r\u00f3\u017cnych genetyk konopi oferowanych przez seedbanki z ca\u0142ego [&hellip;]<\/p>\n","protected":false},"author":1,"featured_media":0,"parent":0,"menu_order":0,"comment_status":"closed","ping_status":"closed","template":"","meta":{"footnotes":""},"class_list":["post-12","page","type-page","status-publish","hentry"],"_links":{"self":[{"href":"https:\/\/marihuany.pl\/index.php\/wp-json\/wp\/v2\/pages\/12","targetHints":{"allow":["GET"]}}],"collection":[{"href":"https:\/\/marihuany.pl\/index.php\/wp-json\/wp\/v2\/pages"}],"about":[{"href":"https:\/\/marihuany.pl\/index.php\/wp-json\/wp\/v2\/types\/page"}],"author":[{"embeddable":true,"href":"https:\/\/marihuany.pl\/index.php\/wp-json\/wp\/v2\/users\/1"}],"replies":[{"embeddable":true,"href":"https:\/\/marihuany.pl\/index.php\/wp-json\/wp\/v2\/comments?post=12"}],"version-history":[{"count":3,"href":"https:\/\/marihuany.pl\/index.php\/wp-json\/wp\/v2\/pages\/12\/revisions"}],"predecessor-version":[{"id":65,"href":"https:\/\/marihuany.pl\/index.php\/wp-json\/wp\/v2\/pages\/12\/revisions\/65"}],"wp:attachment":[{"href":"https:\/\/marihuany.pl\/index.php\/wp-json\/wp\/v2\/media?parent=12"}],"curies":[{"name":"wp","href":"https:\/\/api.w.org\/{rel}","templated":true}]}}